{"id":73,"date":"2023-01-27T22:12:23","date_gmt":"2023-01-27T21:12:23","guid":{"rendered":"http:\/\/www.marahamn.se\/?page_id=73"},"modified":"2023-03-15T21:46:41","modified_gmt":"2023-03-15T20:46:41","slug":"historik","status":"publish","type":"page","link":"https:\/\/www.marahamn.se\/?page_id=73","title":{"rendered":"Historik"},"content":{"rendered":"\n<h2 class=\"wp-block-heading\">Historik<\/h2>\n\n\n\n<p><strong>Om gamla Marahamn<\/strong><\/p>\n\n\n\n<p>H\u00e4r nedan ser man bilder p\u00e5 gamla Marahamn som det s\u00e5g ut strax innan nuvarande hamn byggdes \u00e5r 1967. Vid den h\u00e4r tiden fanns ett antal sj\u00f6bodar som gick under ben\u00e4mningen &#8221;skogsvalters&#8221; sj\u00f6boda och &#8221;ragnarvikstr\u00f6ms&#8221; sj\u00f6boda. Hamnen har anor fr\u00e5n 1800-talets mitt. P\u00e5 skogs-valters sj\u00f6boda som idag st\u00e5r l\u00e4ngst fram i den v\u00e4stra \u00e4nden finns m\u00e5nga \u00e5rtal inristade, n\u00e5gra \u00e4r fr\u00e5n slutet av 1800-talet.<\/p>\n\n\n\n<div class=\"alignnormal\"><div id=\"metaslider-id-216\" style=\"max-width: 240px; margin: 0 auto;\" class=\"ml-slider-3-108-0 metaslider metaslider-nivo metaslider-216 ml-slider has-dots-nav ms-theme-default\" role=\"region\" aria-label=\"Historik\" data-height=\"240\" data-width=\"240\">\n    <div id=\"metaslider_container_216\">\n        <div class='slider-wrapper theme-default'><div class='ribbon'><\/div><div id='metaslider_216' class='nivoSlider'><img loading=\"lazy\" decoding=\"async\" src=\"https:\/\/www.marahamn.se\/wp-content\/uploads\/2023\/03\/86260938-n50T1-168x168.jpg\" height=\"240\" width=\"240\" title=\"86260938-n50T1\" alt=\"\" class=\"slider-216 slide-222 msDefaultImage\" \/><img loading=\"lazy\" decoding=\"async\" src=\"https:\/\/www.marahamn.se\/wp-content\/uploads\/2023\/03\/86260940-xrSFD-234x234.jpg\" height=\"240\" width=\"240\" title=\"86260940-xrSFD\" alt=\"\" class=\"slider-216 slide-223 msDefaultImage\" \/><img loading=\"lazy\" decoding=\"async\" src=\"https:\/\/www.marahamn.se\/wp-content\/uploads\/2023\/03\/86260942-ACnuF-239x239.jpg\" height=\"240\" width=\"240\" title=\"86260942-ACnuF\" alt=\"\" class=\"slider-216 slide-224 msDefaultImage\" \/><img loading=\"lazy\" decoding=\"async\" src=\"https:\/\/www.marahamn.se\/wp-content\/uploads\/2023\/03\/86260944-DHbqj-239x239.jpg\" height=\"240\" width=\"240\" title=\"86260944-DHbqj\" alt=\"\" class=\"slider-216 slide-225 msDefaultImage\" \/><img loading=\"lazy\" decoding=\"async\" src=\"https:\/\/www.marahamn.se\/wp-content\/uploads\/2023\/03\/86260946-9V2Qk-157x157.jpg\" height=\"240\" width=\"240\" title=\"86260946-9V2Qk\" alt=\"\" class=\"slider-216 slide-226 msDefaultImage\" \/><\/div><\/div>\n        \n    <\/div>\n<\/div><\/div>\n\n\n\n<p>I traditionen var Marahamn en plats d\u00e4r b\u00f6nderna f\u00f6rde sina h\u00e4star \u00f6ver sundet till F\u00e4les\u00f6n f\u00f6r att fritt kunna str\u00f6va och beta p\u00e5 dom stora holmarna innan h\u00f6stens sk\u00f6rdearbete stod f\u00f6r d\u00f6rren.<\/p>\n\n\n\n<p>H\u00e4starna som vistades fritt bildade flockar och f\u00f6rvildades t\u00e4mligen m\u00e4rkbart. Som ung pojke minns man hur skr\u00e4ckinjagande det var att m\u00f6ta en skenande hop av l\u00f6sa h\u00e4star galopperande emot sig l\u00e4ngs den stig man sj\u00e4lv befann sig p\u00e5.<\/p>\n\n\n\n<p>\u00c4n idag \u00e4r rester av dom forna h\u00e4ststigarna synliga ute p\u00e5 F\u00e4les\u00f6n, \u00d6rarna, Lutsk\u00e4rsgrundet och L\u00e4gen\u00f6n. &#8221;M\u00e4rrhamn&#8221; \u00e4r d\u00e4rav det ursprungliga namnet som genomg\u00e5tt en f\u00f6r\u00e4ndring till nuvarande Marahamn. Traditionen att f\u00f6ra \u00f6ver h\u00e4star upph\u00f6rde i slutet av 1950-talet.<\/p>\n\n\n\n<p>Till hamnen fanns det tv\u00e5 k\u00e4rrv\u00e4gar, den ena av dom gick fr\u00e5n M\u00e5ls\u00f6n och den andra fr\u00e5n Gyssen.<\/p>\n\n\n\n<div class=\"wp-block-file\"><a id=\"wp-block-file--media-799e2115-81d3-425e-a12b-59a7a90ce7ea\" href=\"https:\/\/www.marahamn.se\/wp-content\/uploads\/2023\/02\/Historik-Marahamnns-Hamnforening-fran-1963.doc\">Historik Marahamns Hamnf\u00f6rening fr\u00e5n 1963<\/a><\/div>\n","protected":false},"excerpt":{"rendered":"<p>Historik Om gamla Marahamn H\u00e4r nedan ser man bilder p\u00e5 gamla Marahamn som det s\u00e5g ut strax innan nuvarande hamn byggdes \u00e5r 1967. Vid den h\u00e4r tiden fanns ett antal sj\u00f6bodar som gick under ben\u00e4mningen &#8221;skogsvalters&#8221; sj\u00f6boda och &#8221;ragnarvikstr\u00f6ms&#8221; sj\u00f6boda. Hamnen har anor fr\u00e5n 1800-talets mitt. P\u00e5 skogs-valters sj\u00f6boda som idag st\u00e5r l\u00e4ngst fram i [&hellip;]<\/p>\n","protected":false},"author":1,"featured_media":0,"parent":0,"menu_order":6,"comment_status":"closed","ping_status":"closed","template":"","meta":{"site-sidebar-layout":"default","site-content-layout":"","ast-site-content-layout":"","site-content-style":"default","site-sidebar-style":"default","ast-global-header-display":"","ast-banner-title-visibility":"","ast-main-header-display":"","ast-hfb-above-header-display":"","ast-hfb-below-header-display":"","ast-hfb-mobile-header-display":"","site-post-title":"","ast-breadcrumbs-content":"","ast-featured-img":"","footer-sml-layout":"","theme-transparent-header-meta":"","adv-header-id-meta":"","stick-header-meta":"","header-above-stick-meta":"","header-main-stick-meta":"","header-below-stick-meta":"","astra-migrate-meta-layouts":"default","ast-page-background-enabled":"default","ast-page-background-meta":{"desktop":{"background-color":"var(--ast-global-color-4)","background-image":"","background-repeat":"repeat","background-position":"center center","background-size":"auto","background-attachment":"scroll","background-type":"","background-media":"","overlay-type":"","overlay-color":"","overlay-gradient":""},"tablet":{"background-color":"","background-image":"","background-repeat":"repeat","background-position":"center center","background-size":"auto","background-attachment":"scroll","background-type":"","background-media":"","overlay-type":"","overlay-color":"","overlay-gradient":""},"mobile":{"background-color":"","background-image":"","background-repeat":"repeat","background-position":"center center","background-size":"auto","background-attachment":"scroll","background-type":"","background-media":"","overlay-type":"","overlay-color":"","overlay-gradient":""}},"ast-content-background-meta":{"desktop":{"background-color":"var(--ast-global-color-5)","background-image":"","background-repeat":"repeat","background-position":"center center","background-size":"auto","background-attachment":"scroll","background-type":"","background-media":"","overlay-type":"","overlay-color":"","overlay-gradient":""},"tablet":{"background-color":"var(--ast-global-color-5)","background-image":"","background-repeat":"repeat","background-position":"center center","background-size":"auto","background-attachment":"scroll","background-type":"","background-media":"","overlay-type":"","overlay-color":"","overlay-gradient":""},"mobile":{"background-color":"var(--ast-global-color-5)","background-image":"","background-repeat":"repeat","background-position":"center center","background-size":"auto","background-attachment":"scroll","background-type":"","background-media":"","overlay-type":"","overlay-color":"","overlay-gradient":""}},"footnotes":""},"class_list":["post-73","page","type-page","status-publish","hentry"],"_links":{"self":[{"href":"https:\/\/www.marahamn.se\/index.php?rest_route=\/wp\/v2\/pages\/73","targetHints":{"allow":["GET"]}}],"collection":[{"href":"https:\/\/www.marahamn.se\/index.php?rest_route=\/wp\/v2\/pages"}],"about":[{"href":"https:\/\/www.marahamn.se\/index.php?rest_route=\/wp\/v2\/types\/page"}],"author":[{"embeddable":true,"href":"https:\/\/www.marahamn.se\/index.php?rest_route=\/wp\/v2\/users\/1"}],"replies":[{"embeddable":true,"href":"https:\/\/www.marahamn.se\/index.php?rest_route=%2Fwp%2Fv2%2Fcomments&post=73"}],"version-history":[{"count":10,"href":"https:\/\/www.marahamn.se\/index.php?rest_route=\/wp\/v2\/pages\/73\/revisions"}],"predecessor-version":[{"id":233,"href":"https:\/\/www.marahamn.se\/index.php?rest_route=\/wp\/v2\/pages\/73\/revisions\/233"}],"wp:attachment":[{"href":"https:\/\/www.marahamn.se\/index.php?rest_route=%2Fwp%2Fv2%2Fmedia&parent=73"}],"curies":[{"name":"wp","href":"https:\/\/api.w.org\/{rel}","templated":true}]}}