{"id":7,"date":"2023-01-20T13:26:22","date_gmt":"2023-01-20T12:26:22","guid":{"rendered":"http:\/\/www.marahamn.se\/?page_id=7"},"modified":"2026-03-11T17:29:57","modified_gmt":"2026-03-11T16:29:57","slug":"hamnservice","status":"publish","type":"page","link":"https:\/\/www.marahamn.se\/?page_id=7","title":{"rendered":"Hamnservice"},"content":{"rendered":"\r\n<h2 class=\"wp-block-heading\" style=\"margin-top: 0; margin-bottom: 0;\">Hamnservice<\/h2>\r\n\r\n\r\n\r\n<div class=\"wp-block-columns alignwide is-layout-flex wp-container-core-columns-is-layout-28f84493 wp-block-columns-is-layout-flex\">\r\n<div class=\"wp-block-column is-layout-flow wp-block-column-is-layout-flow\">\r\n<p><strong>B\u00e5tvagnsparkering \u00e4ven sommaren 2025<\/strong><br \/>M\u00f6jlighet att parkera b\u00e5tvagnar, vattenskotervagnar mm under sommaren finns \u00e4ven i \u00e5r\u00a0p\u00e5 ordningsst\u00e4lld plats l\u00e4ngs Marahamnsv\u00e4gen. Har ni behov av denna tj\u00e4nst kontakta Thomas Sch\u00e4ufele p\u00e5 070-601 24 13. Avgiften p\u00e5\u00a0200 kronor swishas till 070-601 24 13.<\/p>\r\n\r\n\r\n\r\n<p><strong>Bensin\/Dieselpump<\/strong><br \/>Bensin\u00a0 och diesel f\u00f6rs\u00e4ljning via kortl\u00e4sare \u00e4r \u00f6ppet hela \u00e5ret. Leverant\u00f6r Skoogs br\u00e4nsle.<\/p>\r\n\r\n\r\n\r\n<p><strong>Elektricitet<\/strong><br \/>Finns att tillg\u00e5 vid varje brygga.<\/p>\r\n\r\n\r\n\r\n<p><strong>F\u00e4rskvatten<\/strong><br \/>F\u00e4rskvatten finns tillg\u00e4ngligt i anslutning till vaktstugan och invid tankanl\u00e4ggningen, endast sommartid.<\/p>\r\n\r\n\r\n\r\n<p><strong>Sophantering<\/strong><br \/>Kalix Kommun har informerat att anl\u00e4ggningen i Marahamn tas i bruk 2026.<br \/>\u00d6vrig information finns p\u00e5 Kalix Kommuns hemsida.<\/p>\r\n\r\n\r\n\r\n<p><strong>Trailerramp<\/strong><br \/>Tv\u00e5 ramper finns i hamnen och de kan fritt disponeras.<\/p>\r\n\r\n\r\n\r\n<p><strong>WC\/Dusch<\/strong><br \/>Finns att tillg\u00e5 i separat byggnad p\u00e5 hamnomr\u00e5det endast sommartid.<\/p>\r\n\r\n\r\n\r\n<p><strong>Kiosk<\/strong><br \/>Finns tillg\u00e4ngligt p\u00e5 hamnomr\u00e5det under h\u00f6gs\u00e4song. \u00d6ppettider finns anslagna i hamnen samt via Marahamns Facebook och Instagramsida.<\/p>\r\n\r\n\r\n\r\n<p><strong>G\u00e4stplatser<\/strong><br \/>Ett antal uppm\u00e4rkta platser av varierande storlek.\u00a0Max tre dygn gratis.<\/p>\r\n\r\n\r\n\r\n<p><strong>Latrint\u00f6mning fr\u00e5n b\u00e5t<\/strong><br \/>Saknas f\u00f6r n\u00e4rvarande i hamnen. N\u00e4rmsta t\u00f6mningsstation finns i T\u00f6re Hamn.<\/p>\r\n<\/div>\r\n<\/div>\r\n","protected":false},"excerpt":{"rendered":"<p>Hamnservice B\u00e5tvagnsparkering \u00e4ven sommaren 2025M\u00f6jlighet att parkera b\u00e5tvagnar, vattenskotervagnar mm under sommaren finns \u00e4ven i \u00e5r\u00a0p\u00e5 ordningsst\u00e4lld plats l\u00e4ngs Marahamnsv\u00e4gen. Har ni behov av denna tj\u00e4nst kontakta Thomas Sch\u00e4ufele p\u00e5 070-601 24 13. Avgiften p\u00e5\u00a0200 kronor swishas till 070-601 24 13. Bensin\/DieselpumpBensin\u00a0 och diesel f\u00f6rs\u00e4ljning via kortl\u00e4sare \u00e4r \u00f6ppet hela \u00e5ret. Leverant\u00f6r Skoogs br\u00e4nsle. ElektricitetFinns [&hellip;]<\/p>\n","protected":false},"author":1,"featured_media":0,"parent":0,"menu_order":1,"comment_status":"closed","ping_status":"closed","template":"","meta":{"site-sidebar-layout":"default","site-content-layout":"","ast-site-content-layout":"default","site-content-style":"default","site-sidebar-style":"default","ast-global-header-display":"","ast-banner-title-visibility":"","ast-main-header-display":"","ast-hfb-above-header-display":"","ast-hfb-below-header-display":"","ast-hfb-mobile-header-display":"","site-post-title":"","ast-breadcrumbs-content":"","ast-featured-img":"","footer-sml-layout":"","theme-transparent-header-meta":"default","adv-header-id-meta":"","stick-header-meta":"","header-above-stick-meta":"","header-main-stick-meta":"","header-below-stick-meta":"","astra-migrate-meta-layouts":"set","ast-page-background-enabled":"default","ast-page-background-meta":{"desktop":{"background-color":"var(--ast-global-color-4)","background-image":"","background-repeat":"repeat","background-position":"center center","background-size":"auto","background-attachment":"scroll","background-type":"","background-media":"","overlay-type":"","overlay-color":"","overlay-gradient":""},"tablet":{"background-color":"","background-image":"","background-repeat":"repeat","background-position":"center center","background-size":"auto","background-attachment":"scroll","background-type":"","background-media":"","overlay-type":"","overlay-color":"","overlay-gradient":""},"mobile":{"background-color":"","background-image":"","background-repeat":"repeat","background-position":"center center","background-size":"auto","background-attachment":"scroll","background-type":"","background-media":"","overlay-type":"","overlay-color":"","overlay-gradient":""}},"ast-content-background-meta":{"desktop":{"background-color":"var(--ast-global-color-5)","background-image":"","background-repeat":"repeat","background-position":"center center","background-size":"auto","background-attachment":"scroll","background-type":"","background-media":"","overlay-type":"","overlay-color":"","overlay-gradient":""},"tablet":{"background-color":"var(--ast-global-color-5)","background-image":"","background-repeat":"repeat","background-position":"center center","background-size":"auto","background-attachment":"scroll","background-type":"","background-media":"","overlay-type":"","overlay-color":"","overlay-gradient":""},"mobile":{"background-color":"var(--ast-global-color-5)","background-image":"","background-repeat":"repeat","background-position":"center center","background-size":"auto","background-attachment":"scroll","background-type":"","background-media":"","overlay-type":"","overlay-color":"","overlay-gradient":""}},"footnotes":""},"class_list":["post-7","page","type-page","status-publish","hentry"],"_links":{"self":[{"href":"https:\/\/www.marahamn.se\/index.php?rest_route=\/wp\/v2\/pages\/7","targetHints":{"allow":["GET"]}}],"collection":[{"href":"https:\/\/www.marahamn.se\/index.php?rest_route=\/wp\/v2\/pages"}],"about":[{"href":"https:\/\/www.marahamn.se\/index.php?rest_route=\/wp\/v2\/types\/page"}],"author":[{"embeddable":true,"href":"https:\/\/www.marahamn.se\/index.php?rest_route=\/wp\/v2\/users\/1"}],"replies":[{"embeddable":true,"href":"https:\/\/www.marahamn.se\/index.php?rest_route=%2Fwp%2Fv2%2Fcomments&post=7"}],"version-history":[{"count":17,"href":"https:\/\/www.marahamn.se\/index.php?rest_route=\/wp\/v2\/pages\/7\/revisions"}],"predecessor-version":[{"id":5297,"href":"https:\/\/www.marahamn.se\/index.php?rest_route=\/wp\/v2\/pages\/7\/revisions\/5297"}],"wp:attachment":[{"href":"https:\/\/www.marahamn.se\/index.php?rest_route=%2Fwp%2Fv2%2Fmedia&parent=7"}],"curies":[{"name":"wp","href":"https:\/\/api.w.org\/{rel}","templated":true}]}}