{"id":53,"date":"2023-01-21T12:06:12","date_gmt":"2023-01-21T11:06:12","guid":{"rendered":"http:\/\/www.marahamn.se\/?page_id=53"},"modified":"2026-03-18T14:20:58","modified_gmt":"2026-03-18T13:20:58","slug":"start","status":"publish","type":"page","link":"https:\/\/www.marahamn.se\/","title":{"rendered":"Marahamn"},"content":{"rendered":"\r\n<h2 class=\"wp-block-heading\">Nyheter<\/h2>\r\n\r\n\r\n<ul class=\"wp-block-latest-posts__list has-dates wp-block-latest-posts\"><li><a class=\"wp-block-latest-posts__post-title\" href=\"https:\/\/www.marahamn.se\/?p=5381\">\u00c5rsm\u00f6te 2026<\/a><time datetime=\"2026-03-18T14:29:32+01:00\" class=\"wp-block-latest-posts__post-date\">18 mars 2026<\/time><div class=\"wp-block-latest-posts__post-excerpt\">Till Medlemmarna. \u00c5rsm\u00f6te h\u00e5lls den 5 maj 2026 kl 18 00. Plats hembygdsg\u00e5rden i Nyborg. &nbsp; &nbsp;<\/div><\/li>\n<li><a class=\"wp-block-latest-posts__post-title\" href=\"https:\/\/www.marahamn.se\/?p=5308\">Nya Marahamn: Projektet genomf\u00f6rs med st\u00f6d fr\u00e5n EU och Leader Spira Mare.<\/a><time datetime=\"2026-03-17T17:23:55+01:00\" class=\"wp-block-latest-posts__post-date\">17 mars 2026<\/time><div class=\"wp-block-latest-posts__post-excerpt\">Nya Marahamn utvecklas nu f\u00f6r att bli en mer attraktiv och tillg\u00e4nglig m\u00f6tesplats i Kalix sk\u00e4rg\u00e5rd. Projektet ska skapa b\u00e4ttre service f\u00f6r bes\u00f6kare med bland annat servicebyggnad, st\u00e4llplatser, fiskebrygga och aktiviteter i omr\u00e5det. M\u00e5let \u00e4r att st\u00e4rka friluftslivet, locka fler bes\u00f6kare och bidra till fler m\u00f6jligheter f\u00f6r lokala f\u00f6retag och entrepren\u00f6rer. &nbsp; &nbsp;<\/div><\/li>\n<li><a class=\"wp-block-latest-posts__post-title\" href=\"https:\/\/www.marahamn.se\/?p=1\">Marahamnsdagen 2026<\/a><time datetime=\"2026-03-17T17:00:18+01:00\" class=\"wp-block-latest-posts__post-date\">17 mars 2026<\/time><div class=\"wp-block-latest-posts__post-excerpt\">Marahamnsdag 2026 uteblir.<\/div><\/li>\n<li><a class=\"wp-block-latest-posts__post-title\" href=\"https:\/\/www.marahamn.se\/?p=1408\">Uppdatering kontaktuppgift<\/a><time datetime=\"2024-03-18T13:53:21+01:00\" class=\"wp-block-latest-posts__post-date\">18 mars 2024<\/time><div class=\"wp-block-latest-posts__post-excerpt\">I syfte att underl\u00e4tta administration samt kunna informera f\u00f6reningens medlemmar \u00f6nskar vi att ni meddelar era b\u00e5tplatsnummer, namn, adress, e-post samt telefonnummer. Formul\u00e4ret f\u00f6r detta hittar i menyn under &#8221;uppdatera kontaktuppgifter&#8221;.<\/div><\/li>\n<\/ul>\r\n\r\n\r\n<div class=\"wp-block-spacer\" style=\"height: 50px;\" aria-hidden=\"true\">\u00a0<\/div>\r\n<div aria-hidden=\"true\">\u00a0<\/div>\r\n<div aria-hidden=\"true\">\u00a0<\/div>\r\n\r\n\r\n\r\n<h2 class=\"wp-block-heading\">Marahamn<\/h2>\r\n\r\n\r\n\r\n<p>Marahamn \u00e4r en stor sm\u00e5b\u00e5tshamn med ca\u00a0450 platser p\u00e5 fastlandssidan av F\u00e4les\u00f6sundet i Kalix innersk\u00e4rg\u00e5rd. Insegling fr\u00e5n s\u00f6der med t\u00e4t utprickning (rek djup 1,2m) och fr\u00e5n \u00f6ster (rek djup 2,5m)<\/p>\r\n\r\n\r\n\r\n<p><strong>Hamndjup:<\/strong> 1,5-2m<br \/><strong>G\u00e4stplatser:<\/strong> Ett antal som\u00a0gratis disponeras dock max 3 dygn<br \/><strong>Hamnv\u00e4rd:<\/strong> Ordf\u00f6rande Tore Sandstr\u00f6m\u00a0070-304 82 45<strong>.<\/strong><br \/><strong>GPS Koordinater<\/strong>: 65.762516, 23.19334<\/p>\r\n\r\n\r\n\r\n<div class=\"wp-block-group is-layout-constrained wp-block-group-is-layout-constrained\">\r\n<div class=\"alignnormal\"><div id=\"metaslider-id-120\" style=\"max-width: 800px;\" class=\"ml-slider-3-108-0 metaslider metaslider-nivo metaslider-120 ml-slider has-dots-nav ms-theme-default\" role=\"region\" aria-label=\"Flygfoto\" data-height=\"600\" data-width=\"800\">\n    <div id=\"metaslider_container_120\">\n        <div class='slider-wrapper theme-default'><div class='ribbon'><\/div><div id='metaslider_120' class='nivoSlider'><img loading=\"lazy\" decoding=\"async\" src=\"https:\/\/www.marahamn.se\/wp-content\/uploads\/2023\/03\/91562632-kkr8N.jpg\" height=\"600\" width=\"800\" title=\"91562632-kkr8N\" alt=\"\" class=\"slider-120 slide-124 msDefaultImage\" \/><img loading=\"lazy\" decoding=\"async\" src=\"https:\/\/www.marahamn.se\/wp-content\/uploads\/2023\/03\/91562633-Jtjhd.jpg\" height=\"600\" width=\"800\" title=\"91562633-Jtjhd\" alt=\"\" class=\"slider-120 slide-126 msDefaultImage\" \/><img loading=\"lazy\" decoding=\"async\" src=\"https:\/\/www.marahamn.se\/wp-content\/uploads\/2023\/03\/91562634-kv9xp.jpg\" height=\"600\" width=\"800\" title=\"91562634-kv9xp\" alt=\"\" class=\"slider-120 slide-127 msDefaultImage\" \/><\/div><\/div>\n        \n    <\/div>\n<\/div><\/div>\r\n<\/div>\r\n\r\n\r\n\r\n<ul class=\"wp-block-social-links has-visible-labels is-style-default is-horizontal is-layout-flex wp-container-core-social-links-is-layout-caf0f1ea wp-block-social-links-is-layout-flex\" style=\"margin: var(--wp--preset--spacing--70) 0 var(--wp--preset--spacing--70) 0;\"><li class=\"wp-social-link wp-social-link-instagram  wp-block-social-link\"><a rel=\"noopener nofollow\" target=\"_blank\" href=\"https:\/\/www.instagram.com\/marahamn_nyborg\/\" class=\"wp-block-social-link-anchor\"><svg width=\"24\" height=\"24\" viewBox=\"0 0 24 24\" version=\"1.1\" xmlns=\"http:\/\/www.w3.org\/2000\/svg\" aria-hidden=\"true\" focusable=\"false\"><path d=\"M12,4.622c2.403,0,2.688,0.009,3.637,0.052c0.877,0.04,1.354,0.187,1.671,0.31c0.42,0.163,0.72,0.358,1.035,0.673 c0.315,0.315,0.51,0.615,0.673,1.035c0.123,0.317,0.27,0.794,0.31,1.671c0.043,0.949,0.052,1.234,0.052,3.637 s-0.009,2.688-0.052,3.637c-0.04,0.877-0.187,1.354-0.31,1.671c-0.163,0.42-0.358,0.72-0.673,1.035 c-0.315,0.315-0.615,0.51-1.035,0.673c-0.317,0.123-0.794,0.27-1.671,0.31c-0.949,0.043-1.233,0.052-3.637,0.052 s-2.688-0.009-3.637-0.052c-0.877-0.04-1.354-0.187-1.671-0.31c-0.42-0.163-0.72-0.358-1.035-0.673 c-0.315-0.315-0.51-0.615-0.673-1.035c-0.123-0.317-0.27-0.794-0.31-1.671C4.631,14.688,4.622,14.403,4.622,12 s0.009-2.688,0.052-3.637c0.04-0.877,0.187-1.354,0.31-1.671c0.163-0.42,0.358-0.72,0.673-1.035 c0.315-0.315,0.615-0.51,1.035-0.673c0.317-0.123,0.794-0.27,1.671-0.31C9.312,4.631,9.597,4.622,12,4.622 M12,3 C9.556,3,9.249,3.01,8.289,3.054C7.331,3.098,6.677,3.25,6.105,3.472C5.513,3.702,5.011,4.01,4.511,4.511 c-0.5,0.5-0.808,1.002-1.038,1.594C3.25,6.677,3.098,7.331,3.054,8.289C3.01,9.249,3,9.556,3,12c0,2.444,0.01,2.751,0.054,3.711 c0.044,0.958,0.196,1.612,0.418,2.185c0.23,0.592,0.538,1.094,1.038,1.594c0.5,0.5,1.002,0.808,1.594,1.038 c0.572,0.222,1.227,0.375,2.185,0.418C9.249,20.99,9.556,21,12,21s2.751-0.01,3.711-0.054c0.958-0.044,1.612-0.196,2.185-0.418 c0.592-0.23,1.094-0.538,1.594-1.038c0.5-0.5,0.808-1.002,1.038-1.594c0.222-0.572,0.375-1.227,0.418-2.185 C20.99,14.751,21,14.444,21,12s-0.01-2.751-0.054-3.711c-0.044-0.958-0.196-1.612-0.418-2.185c-0.23-0.592-0.538-1.094-1.038-1.594 c-0.5-0.5-1.002-0.808-1.594-1.038c-0.572-0.222-1.227-0.375-2.185-0.418C14.751,3.01,14.444,3,12,3L12,3z M12,7.378 c-2.552,0-4.622,2.069-4.622,4.622S9.448,16.622,12,16.622s4.622-2.069,4.622-4.622S14.552,7.378,12,7.378z M12,15 c-1.657,0-3-1.343-3-3s1.343-3,3-3s3,1.343,3,3S13.657,15,12,15z M16.804,6.116c-0.596,0-1.08,0.484-1.08,1.08 s0.484,1.08,1.08,1.08c0.596,0,1.08-0.484,1.08-1.08S17.401,6.116,16.804,6.116z\"><\/path><\/svg><span class=\"wp-block-social-link-label\">Instagram<\/span><\/a><\/li><\/ul>\r\n","protected":false},"excerpt":{"rendered":"<p>Nyheter Marahamn Marahamn \u00e4r en stor sm\u00e5b\u00e5tshamn med ca\u00a0450 platser p\u00e5 fastlandssidan av F\u00e4les\u00f6sundet i Kalix innersk\u00e4rg\u00e5rd. Insegling fr\u00e5n s\u00f6der med t\u00e4t utprickning (rek djup 1,2m) och fr\u00e5n \u00f6ster (rek djup 2,5m) Hamndjup: 1,5-2mG\u00e4stplatser: Ett antal som\u00a0gratis disponeras dock max 3 dygnHamnv\u00e4rd: Ordf\u00f6rande Tore Sandstr\u00f6m\u00a0070-304 82 45.GPS Koordinater: 65.762516, 23.19334<\/p>\n","protected":false},"author":1,"featured_media":0,"parent":0,"menu_order":0,"comment_status":"closed","ping_status":"closed","template":"","meta":{"site-sidebar-layout":"default","site-content-layout":"","ast-site-content-layout":"default","site-content-style":"default","site-sidebar-style":"default","ast-global-header-display":"","ast-banner-title-visibility":"","ast-main-header-display":"","ast-hfb-above-header-display":"","ast-hfb-below-header-display":"","ast-hfb-mobile-header-display":"","site-post-title":"","ast-breadcrumbs-content":"","ast-featured-img":"","footer-sml-layout":"","theme-transparent-header-meta":"default","adv-header-id-meta":"","stick-header-meta":"","header-above-stick-meta":"","header-main-stick-meta":"","header-below-stick-meta":"","astra-migrate-meta-layouts":"set","ast-page-background-enabled":"default","ast-page-background-meta":{"desktop":{"background-color":"var(--ast-global-color-4)","background-image":"","background-repeat":"repeat","background-position":"center center","background-size":"auto","background-attachment":"scroll","background-type":"","background-media":"","overlay-type":"","overlay-color":"","overlay-gradient":""},"tablet":{"background-color":"","background-image":"","background-repeat":"repeat","background-position":"center center","background-size":"auto","background-attachment":"scroll","background-type":"","background-media":"","overlay-type":"","overlay-color":"","overlay-gradient":""},"mobile":{"background-color":"","background-image":"","background-repeat":"repeat","background-position":"center center","background-size":"auto","background-attachment":"scroll","background-type":"","background-media":"","overlay-type":"","overlay-color":"","overlay-gradient":""}},"ast-content-background-meta":{"desktop":{"background-color":"var(--ast-global-color-5)","background-image":"","background-repeat":"repeat","background-position":"center center","background-size":"auto","background-attachment":"scroll","background-type":"","background-media":"","overlay-type":"","overlay-color":"","overlay-gradient":""},"tablet":{"background-color":"var(--ast-global-color-5)","background-image":"","background-repeat":"repeat","background-position":"center center","background-size":"auto","background-attachment":"scroll","background-type":"","background-media":"","overlay-type":"","overlay-color":"","overlay-gradient":""},"mobile":{"background-color":"var(--ast-global-color-5)","background-image":"","background-repeat":"repeat","background-position":"center center","background-size":"auto","background-attachment":"scroll","background-type":"","background-media":"","overlay-type":"","overlay-color":"","overlay-gradient":""}},"footnotes":""},"class_list":["post-53","page","type-page","status-publish","hentry"],"_links":{"self":[{"href":"https:\/\/www.marahamn.se\/index.php?rest_route=\/wp\/v2\/pages\/53","targetHints":{"allow":["GET"]}}],"collection":[{"href":"https:\/\/www.marahamn.se\/index.php?rest_route=\/wp\/v2\/pages"}],"about":[{"href":"https:\/\/www.marahamn.se\/index.php?rest_route=\/wp\/v2\/types\/page"}],"author":[{"embeddable":true,"href":"https:\/\/www.marahamn.se\/index.php?rest_route=\/wp\/v2\/users\/1"}],"replies":[{"embeddable":true,"href":"https:\/\/www.marahamn.se\/index.php?rest_route=%2Fwp%2Fv2%2Fcomments&post=53"}],"version-history":[{"count":48,"href":"https:\/\/www.marahamn.se\/index.php?rest_route=\/wp\/v2\/pages\/53\/revisions"}],"predecessor-version":[{"id":5341,"href":"https:\/\/www.marahamn.se\/index.php?rest_route=\/wp\/v2\/pages\/53\/revisions\/5341"}],"wp:attachment":[{"href":"https:\/\/www.marahamn.se\/index.php?rest_route=%2Fwp%2Fv2%2Fmedia&parent=53"}],"curies":[{"name":"wp","href":"https:\/\/api.w.org\/{rel}","templated":true}]}}