{"id":11,"date":"2023-01-20T13:29:25","date_gmt":"2023-01-20T12:29:25","guid":{"rendered":"http:\/\/www.marahamn.se\/?page_id=11"},"modified":"2026-04-20T18:44:44","modified_gmt":"2026-04-20T16:44:44","slug":"information","status":"publish","type":"page","link":"https:\/\/www.marahamn.se\/?page_id=11","title":{"rendered":"Information"},"content":{"rendered":"\r\n<h2 class=\"wp-block-heading\">Information<\/h2>\r\n\r\n\r\n\r\n<div class=\"wp-block-columns alignwide is-layout-flex wp-container-core-columns-is-layout-28f84493 wp-block-columns-is-layout-flex\">\r\n<div class=\"wp-block-column is-layout-flow wp-block-column-is-layout-flow\" style=\"flex-basis: 66.66%;\">\r\n<p><strong>Vakth\u00e5llning<\/strong><br \/><strong>Vaktperiod:<\/strong> 2026-05-16 &#8211; 2026-10-20 med undantag f\u00f6r midsommarhelgen.<br \/>Om hamnen fryser f\u00f6re 20\/10-26 kommer vakten st\u00e4llas in. Ber\u00f6rda vakter kommer i s\u00e5 fall meddelas per telefon.<\/p>\r\n\r\n\r\n\r\n<p><strong>Rutiner vid vakt:<\/strong> Din vakt p\u00e5b\u00f6rjas 21:00 angivet datum enligt aktuell vaktlista och avslutas 05:00 p\u00e5f\u00f6ljande morgon.<\/p>\r\n\r\n\r\n\r\n<p><strong>Vaktregler<\/strong><br \/>Vaktens \u00e5lder f\u00e5r ej understiga 18 \u00e5r. Endast tj\u00e4nstg\u00f6rande vakter till\u00e5ts uppeh\u00e5lla sig i vaktstugan.<br \/>Arbetsuppgifter f\u00f6r vakter finns anslaget i vaktstugan.<\/p>\r\n\r\n\r\n\r\n<p><strong>OBS!<\/strong>\u00a0P\u00e5 grund av allergier f\u00e5r hundar eller andra p\u00e4lsdjur ej vistas i vaktstugan.<\/p>\r\n\r\n\r\n\r\n<p>Vid utebliven vakttj\u00e4nstg\u00f6ring debiteras en administrativ avgift p\u00e5 800 kronor ut\u00f6ver ers\u00e4ttning f\u00f6r inhyrd vakt p\u00e5 800 kronor exkl moms kronor.<\/p>\r\n\r\n\r\n\r\n<p><strong>Hamnens vaktansvarig \u00e4r Stefan Hagalid.<\/strong><br \/>Om du \u00f6nskar &#8221;leja bort&#8221; din vakttj\u00e4nstg\u00f6ring kontaktar du Stefan p\u00e5 mobil: 073-817 07-39<\/p>\r\n\r\n\r\n\r\n<p>Stefan l\u00e5ser upp vaktstugan f\u00f6re 21:00 f\u00f6r att samtidigt kontrollera att vakterna finns p\u00e5 plats.<\/p>\r\n\r\n\r\n<hr class=\"wp-block-separator has-alpha-channel-opacity is-style-default\" \/>\r\n\r\n\r\n<p><strong>\u00c5rsavgiften<\/strong>\u00a0<br \/>Avgiften f\u00f6r 2026 skickas ut 1 april. Till alla er som anm\u00e4lt e:postadress: faktura skickas till den adressen. \u00d6vriga f\u00e5r den hems\u00e4nt med post till\u00a0 uppgiven adress.<\/p>\r\n<p>Avgiften ska vara betald senast 2026-04-30<\/p>\r\n\r\n\r\n\r\n<p>Ange namn och fakturanummer vid inbetalningen.<\/p>\r\n\r\n\r\n\r\n<p>F\u00f6r att kunna s\u00e4nda avierna direkt till er via E post , v\u00e4nligen uppdatera era uppgifter p\u00e5 d\u00e4rf\u00f6r avsedd sida.<\/p>\r\n\r\n\r\n<hr class=\"wp-block-separator has-alpha-channel-opacity\" \/>\r\n\r\n\r\n<p><strong>Fr\u00e5gor eller \u00f6nskem\u00e5l om din b\u00e5tplats<\/strong><\/p>\r\n\r\n\r\n\r\n<p>G\u00e4llande \u00e4ndring eller andra \u00f6nskem\u00e5l betr\u00e4ffande b\u00e5tplats kontakta omg\u00e5ende<br \/><strong>Per-Agne Karlsson\u00a0<\/strong>Mobil:<strong>\u00a0<\/strong>070-564 84 45 eller till e-post<strong>:<\/strong>\u00a0<a href=\"mailto:peragne.karlsson@marahamn.se\">peragne.karlsson@marahamn.se<\/a><\/p>\r\n\r\n\r\n\r\n<figure class=\"wp-block-image size-full\"><img loading=\"lazy\" decoding=\"async\" width=\"532\" height=\"399\" class=\"wp-image-210\" src=\"https:\/\/www.marahamn.se\/wp-content\/uploads\/2023\/03\/86263396-1wQTY.jpg\" alt=\"\" srcset=\"https:\/\/www.marahamn.se\/wp-content\/uploads\/2023\/03\/86263396-1wQTY.jpg 532w, https:\/\/www.marahamn.se\/wp-content\/uploads\/2023\/03\/86263396-1wQTY-300x225.jpg 300w\" sizes=\"auto, (max-width: 532px) 100vw, 532px\" \/><\/figure>\r\n<\/div>\r\n\r\n\r\n\r\n<div class=\"wp-block-column is-layout-flow wp-block-column-is-layout-flow\" style=\"flex-basis: 33.33%;\">\r\n\r\n\r\n<div><a href=\"https:\/\/www.marahamn.se\/wp-content\/uploads\/2026\/03\/Vaktlista-Maj-2026.pdf\">Vaktlista Maj 2026<\/a><\/div>\r\n<div><a href=\"https:\/\/www.marahamn.se\/wp-content\/uploads\/2026\/04\/Vaktlista-Juni-2026-2026-04-20.pdf\">Vaktlista Juni 2026<\/a><\/div>\r\n<div><a href=\"https:\/\/www.marahamn.se\/wp-content\/uploads\/2026\/04\/Vaktlista-Juli-2026-2026-04-11-1.pdf\">Vaktlista Juli 2026<\/a><\/div>\r\n<div><a href=\"https:\/\/www.marahamn.se\/wp-content\/uploads\/2026\/04\/Vaktlista-Augusti-2026-2026-04-03.pdf\">Vaktlista Augusti 2026<\/a><\/div>\r\n<div><a href=\"https:\/\/www.marahamn.se\/wp-content\/uploads\/2026\/04\/Vaktlista-September-2026-2026-04-20.pdf\">Vaktlista September 2026<\/a><\/div>\r\n<div><a href=\"https:\/\/www.marahamn.se\/wp-content\/uploads\/2026\/04\/Vaktlista-Oktober-2026-2026-04-11.pdf\">Vaktlista Oktober 2026<\/a><\/div>\r\n<div>\u00a0<\/div>\r\n<div>\u00a0<\/div>\r\n<div>\u00a0<\/div>\r\n<div>\u00a0<\/div>\r\n<div>\u00a0<\/div>\r\n<div>\u00a0<\/div>\r\n<div>\u00a0<\/div>\r\n<div>\u00a0<\/div>\r\n<\/div>\r\n<\/div>\r\n\r\n\r\n\r\n<div class=\"wp-block-columns is-layout-flex wp-container-core-columns-is-layout-28f84493 wp-block-columns-is-layout-flex\">\u00a0<\/div>\r\n\r\n\r\n\r\n<p>&nbsp;<\/p>\r\n","protected":false},"excerpt":{"rendered":"<p>Information Vakth\u00e5llningVaktperiod: 2026-05-16 &#8211; 2026-10-20 med undantag f\u00f6r midsommarhelgen.Om hamnen fryser f\u00f6re 20\/10-26 kommer vakten st\u00e4llas in. Ber\u00f6rda vakter kommer i s\u00e5 fall meddelas per telefon. Rutiner vid vakt: Din vakt p\u00e5b\u00f6rjas 21:00 angivet datum enligt aktuell vaktlista och avslutas 05:00 p\u00e5f\u00f6ljande morgon. VaktreglerVaktens \u00e5lder f\u00e5r ej understiga 18 \u00e5r. Endast tj\u00e4nstg\u00f6rande vakter till\u00e5ts uppeh\u00e5lla [&hellip;]<\/p>\n","protected":false},"author":1,"featured_media":0,"parent":0,"menu_order":3,"comment_status":"closed","ping_status":"closed","template":"","meta":{"site-sidebar-layout":"default","site-content-layout":"","ast-site-content-layout":"default","site-content-style":"default","site-sidebar-style":"default","ast-global-header-display":"","ast-banner-title-visibility":"","ast-main-header-display":"","ast-hfb-above-header-display":"","ast-hfb-below-header-display":"","ast-hfb-mobile-header-display":"","site-post-title":"","ast-breadcrumbs-content":"","ast-featured-img":"","footer-sml-layout":"","theme-transparent-header-meta":"default","adv-header-id-meta":"","stick-header-meta":"","header-above-stick-meta":"","header-main-stick-meta":"","header-below-stick-meta":"","astra-migrate-meta-layouts":"set","ast-page-background-enabled":"default","ast-page-background-meta":{"desktop":{"background-color":"var(--ast-global-color-4)","background-image":"","background-repeat":"repeat","background-position":"center center","background-size":"auto","background-attachment":"scroll","background-type":"","background-media":"","overlay-type":"","overlay-color":"","overlay-gradient":""},"tablet":{"background-color":"","background-image":"","background-repeat":"repeat","background-position":"center center","background-size":"auto","background-attachment":"scroll","background-type":"","background-media":"","overlay-type":"","overlay-color":"","overlay-gradient":""},"mobile":{"background-color":"","background-image":"","background-repeat":"repeat","background-position":"center center","background-size":"auto","background-attachment":"scroll","background-type":"","background-media":"","overlay-type":"","overlay-color":"","overlay-gradient":""}},"ast-content-background-meta":{"desktop":{"background-color":"var(--ast-global-color-5)","background-image":"","background-repeat":"repeat","background-position":"center center","background-size":"auto","background-attachment":"scroll","background-type":"","background-media":"","overlay-type":"","overlay-color":"","overlay-gradient":""},"tablet":{"background-color":"var(--ast-global-color-5)","background-image":"","background-repeat":"repeat","background-position":"center center","background-size":"auto","background-attachment":"scroll","background-type":"","background-media":"","overlay-type":"","overlay-color":"","overlay-gradient":""},"mobile":{"background-color":"var(--ast-global-color-5)","background-image":"","background-repeat":"repeat","background-position":"center center","background-size":"auto","background-attachment":"scroll","background-type":"","background-media":"","overlay-type":"","overlay-color":"","overlay-gradient":""}},"footnotes":""},"class_list":["post-11","page","type-page","status-publish","hentry"],"_links":{"self":[{"href":"https:\/\/www.marahamn.se\/index.php?rest_route=\/wp\/v2\/pages\/11","targetHints":{"allow":["GET"]}}],"collection":[{"href":"https:\/\/www.marahamn.se\/index.php?rest_route=\/wp\/v2\/pages"}],"about":[{"href":"https:\/\/www.marahamn.se\/index.php?rest_route=\/wp\/v2\/types\/page"}],"author":[{"embeddable":true,"href":"https:\/\/www.marahamn.se\/index.php?rest_route=\/wp\/v2\/users\/1"}],"replies":[{"embeddable":true,"href":"https:\/\/www.marahamn.se\/index.php?rest_route=%2Fwp%2Fv2%2Fcomments&post=11"}],"version-history":[{"count":93,"href":"https:\/\/www.marahamn.se\/index.php?rest_route=\/wp\/v2\/pages\/11\/revisions"}],"predecessor-version":[{"id":5488,"href":"https:\/\/www.marahamn.se\/index.php?rest_route=\/wp\/v2\/pages\/11\/revisions\/5488"}],"wp:attachment":[{"href":"https:\/\/www.marahamn.se\/index.php?rest_route=%2Fwp%2Fv2%2Fmedia&parent=11"}],"curies":[{"name":"wp","href":"https:\/\/api.w.org\/{rel}","templated":true}]}}